{"id":8051,"date":"2023-02-05T11:43:47","date_gmt":"2023-02-05T10:43:47","guid":{"rendered":"https:\/\/leanidea.pl\/case-study\/"},"modified":"2025-10-01T14:43:23","modified_gmt":"2025-10-01T12:43:23","slug":"case-study","status":"publish","type":"page","link":"https:\/\/leanidea.pl\/en\/case-study\/","title":{"rendered":"Case study"},"content":{"rendered":"\t\t<div data-elementor-type=\"wp-page\" data-elementor-id=\"8051\" class=\"elementor elementor-8051 elementor-1527\">\n\t\t\t\t\t\t<section class=\"elementor-section elementor-top-section elementor-element elementor-element-252bb54 elementor-section-boxed elementor-section-height-default elementor-section-height-default\" data-id=\"252bb54\" data-element_type=\"section\" data-e-type=\"section\" data-settings=\"{&quot;background_background&quot;:&quot;slideshow&quot;,&quot;background_slideshow_gallery&quot;:[{&quot;id&quot;:6550,&quot;url&quot;:&quot;https:\\\/\\\/leanidea.pl\\\/wp-content\\\/uploads\\\/2023\\\/04\\\/breadcrumbs-case-study.jpg&quot;},{&quot;id&quot;:6551,&quot;url&quot;:&quot;https:\\\/\\\/leanidea.pl\\\/wp-content\\\/uploads\\\/2023\\\/04\\\/breadcrumbs-case-study-1.jpg&quot;}],&quot;background_slideshow_ken_burns&quot;:&quot;yes&quot;,&quot;background_slideshow_loop&quot;:&quot;yes&quot;,&quot;background_slideshow_slide_duration&quot;:5000,&quot;background_slideshow_slide_transition&quot;:&quot;fade&quot;,&quot;background_slideshow_transition_duration&quot;:500,&quot;background_slideshow_ken_burns_zoom_direction&quot;:&quot;in&quot;}\">\n\t\t\t\t\t\t<div class=\"elementor-container elementor-column-gap-default\">\n\t\t\t\t\t<div class=\"elementor-column elementor-col-100 elementor-top-column elementor-element elementor-element-f0a67ce\" data-id=\"f0a67ce\" data-element_type=\"column\" data-e-type=\"column\">\n\t\t\t<div class=\"elementor-widget-wrap elementor-element-populated\">\n\t\t\t\t\t\t<div class=\"elementor-element elementor-element-5a6ea71 elementor-widget elementor-widget-gva-heading-block\" data-id=\"5a6ea71\" data-element_type=\"widget\" data-e-type=\"widget\" data-widget_type=\"gva-heading-block.default\">\n\t\t\t\t<div class=\"elementor-widget-container\">\n\t\t\t\t\t<div class=\"gva-element-gva-heading-block gva-element\">   <div class=\"align-center style-1 widget gsc-heading box-align-left auto-responsive\">\r\n      <div class=\"content-inner\">\r\n         \r\n         \r\n         \r\n           \r\n         \r\n                     <h1 class=\"title\">\r\n               <span>Case study<\/span>\r\n            <\/h1>\r\n                              <div class=\"title-desc\">We implement solutions that are practical<\/div>\r\n         \r\n         \r\n      <\/div>\r\n   <\/div>\r\n<\/div>\t\t\t\t<\/div>\n\t\t\t\t<\/div>\n\t\t\t\t\t<\/div>\n\t\t<\/div>\n\t\t\t\t\t<\/div>\n\t\t<\/section>\n\t\t\t\t<section class=\"elementor-section elementor-top-section elementor-element elementor-element-859ba89 elementor-section-boxed elementor-section-height-default elementor-section-height-default\" data-id=\"859ba89\" data-element_type=\"section\" data-e-type=\"section\">\n\t\t\t\t\t\t<div class=\"elementor-container elementor-column-gap-default\">\n\t\t\t\t\t<div class=\"elementor-column elementor-col-100 elementor-top-column elementor-element elementor-element-70e8b48\" data-id=\"70e8b48\" data-element_type=\"column\" data-e-type=\"column\">\n\t\t\t<div class=\"elementor-widget-wrap elementor-element-populated\">\n\t\t\t\t\t\t<div class=\"elementor-element elementor-element-f82ca33 elementor-widget elementor-widget-gva-portfolio\" data-id=\"f82ca33\" data-element_type=\"widget\" data-e-type=\"widget\" data-widget_type=\"gva-portfolio.default\">\n\t\t\t\t<div class=\"elementor-widget-container\">\n\t\t\t\t\t<div class=\"gva-element-gva-portfolio gva-element\">\r\n  <div class=\"gva-portfolio-grid clearfix grid-khyd\" data-filter=\"khyd\">\r\n                 <nav class=\"portfolio-filter\">\r\n          <ul class=\"nav nav-tabs\">\r\n             <li><a class=\"btn-filter all active\" href=\"javascript:void(0)\" data-filter=\"*\"><span>All<\/span><span class=\"count\"><\/span><\/a><\/li>\r\n                            <li><a href=\"javascript:void(0)\" class=\"btn-filter\" data-filter=\".audit\"><span>Audit<\/span><span class=\"count\"><\/span><\/a><\/li>\r\n                            <li><a href=\"javascript:void(0)\" class=\"btn-filter\" data-filter=\".implementation\"><span>Implementation<\/span><span class=\"count\"><\/span><\/a><\/li>\r\n                       <\/ul> \r\n       <\/nav> \r\n        <div class=\"gva-content-items\"> \r\n      <div class=\"isotope-items view-portfolio lg-block-grid-3 md-block-grid-3 sm-block-grid-2 xs-block-grid-1 xx-block-grid-1\">\r\n        \r\n<div class=\"all implementation  item-columns isotope-item\">\r\n   <div class=\"portfolio-block portfolio-v2\">      \r\n      <div class=\"images\">\r\n         <a class=\"link-image-content\" href=\"https:\/\/leanidea.pl\/en\/case-study\/cmms-modern-maintenance-system-2\/\">\r\n            <img fetchpriority=\"high\" decoding=\"async\" width=\"560\" height=\"690\" src=\"https:\/\/leanidea.pl\/wp-content\/uploads\/2026\/03\/1-560x690.png\" class=\"attachment-conult_medium size-conult_medium wp-post-image\" alt=\"TWI wsp\u00f3\u0142praca rozw\u00f3j\" title=\"\">         <\/a> \r\n         <a class=\"bg-overlay\" href=\"https:\/\/leanidea.pl\/en\/case-study\/cmms-modern-maintenance-system-2\/\"><\/a>\r\n      <\/div>\r\n      <div class=\"case-content\">\r\n         <div class=\"content-inner\">\r\n            <div class=\"content-left\">\r\n               <div class=\"case-meta\"><a href=\"https:\/\/leanidea.pl\/en\/category-portfolio\/implementation\/\" title=\"View all posts in Implementation\">Implementation<\/a><\/div>\r\n               <h3 class=\"title\">\r\n                  <a href=\"https:\/\/leanidea.pl\/en\/case-study\/cmms-modern-maintenance-system-2\/\">TWI &#8211; Managerial and Employee Skills Development Program<\/a>\r\n               <\/h3>\r\n            <\/div>\r\n            <div class=\"content-right\">   \r\n               <a class=\"link-to-content\" href=\"https:\/\/leanidea.pl\/en\/case-study\/cmms-modern-maintenance-system-2\/\"><i class=\"las la-long-arrow-alt-right\"><\/i><\/a>\r\n            <\/div>   \r\n         <\/div>    \r\n      <\/div>  \r\n      <div class=\"bg-overlay\"><\/div>\r\n   <\/div>\r\n   \r\n<\/div>\r\n\r\n<div class=\"all implementation  item-columns isotope-item\">\r\n   <div class=\"portfolio-block portfolio-v2\">      \r\n      <div class=\"images\">\r\n         <a class=\"link-image-content\" href=\"https:\/\/leanidea.pl\/en\/case-study\/cmms-modern-maintenance-system\/\">\r\n            <img decoding=\"async\" width=\"560\" height=\"690\" src=\"https:\/\/leanidea.pl\/wp-content\/uploads\/2025\/10\/1-560x690.png\" class=\"attachment-conult_medium size-conult_medium wp-post-image\" alt=\"CMMS\" title=\"\">         <\/a> \r\n         <a class=\"bg-overlay\" href=\"https:\/\/leanidea.pl\/en\/case-study\/cmms-modern-maintenance-system\/\"><\/a>\r\n      <\/div>\r\n      <div class=\"case-content\">\r\n         <div class=\"content-inner\">\r\n            <div class=\"content-left\">\r\n               <div class=\"case-meta\"><a href=\"https:\/\/leanidea.pl\/en\/category-portfolio\/implementation\/\" title=\"View all posts in Implementation\">Implementation<\/a><\/div>\r\n               <h3 class=\"title\">\r\n                  <a href=\"https:\/\/leanidea.pl\/en\/case-study\/cmms-modern-maintenance-system\/\">CMMS &#8211; A modern Computerized Maintenance Management System<\/a>\r\n               <\/h3>\r\n            <\/div>\r\n            <div class=\"content-right\">   \r\n               <a class=\"link-to-content\" href=\"https:\/\/leanidea.pl\/en\/case-study\/cmms-modern-maintenance-system\/\"><i class=\"las la-long-arrow-alt-right\"><\/i><\/a>\r\n            <\/div>   \r\n         <\/div>    \r\n      <\/div>  \r\n      <div class=\"bg-overlay\"><\/div>\r\n   <\/div>\r\n   \r\n<\/div>\r\n\r\n<div class=\"all implementation  item-columns isotope-item\">\r\n   <div class=\"portfolio-block portfolio-v2\">      \r\n      <div class=\"images\">\r\n         <a class=\"link-image-content\" href=\"https:\/\/leanidea.pl\/en\/case-study\/strategia-rozwoju-przedsiebiorstwa-2-2\/\">\r\n            <img decoding=\"async\" width=\"560\" height=\"690\" src=\"https:\/\/leanidea.pl\/wp-content\/uploads\/2025\/04\/1-560x690.png\" class=\"attachment-conult_medium size-conult_medium wp-post-image\" alt=\"Zwi\u0119kszenie wydajno\u015bci lini produkcyjnej\" title=\"\">         <\/a> \r\n         <a class=\"bg-overlay\" href=\"https:\/\/leanidea.pl\/en\/case-study\/strategia-rozwoju-przedsiebiorstwa-2-2\/\"><\/a>\r\n      <\/div>\r\n      <div class=\"case-content\">\r\n         <div class=\"content-inner\">\r\n            <div class=\"content-left\">\r\n               <div class=\"case-meta\"><a href=\"https:\/\/leanidea.pl\/en\/category-portfolio\/implementation\/\" title=\"View all posts in Implementation\">Implementation<\/a><\/div>\r\n               <h3 class=\"title\">\r\n                  <a href=\"https:\/\/leanidea.pl\/en\/case-study\/strategia-rozwoju-przedsiebiorstwa-2-2\/\">Increasing Production Line Efficiency<\/a>\r\n               <\/h3>\r\n            <\/div>\r\n            <div class=\"content-right\">   \r\n               <a class=\"link-to-content\" href=\"https:\/\/leanidea.pl\/en\/case-study\/strategia-rozwoju-przedsiebiorstwa-2-2\/\"><i class=\"las la-long-arrow-alt-right\"><\/i><\/a>\r\n            <\/div>   \r\n         <\/div>    \r\n      <\/div>  \r\n      <div class=\"bg-overlay\"><\/div>\r\n   <\/div>\r\n   \r\n<\/div>\r\n\r\n<div class=\"all implementation  item-columns isotope-item\">\r\n   <div class=\"portfolio-block portfolio-v2\">      \r\n      <div class=\"images\">\r\n         <a class=\"link-image-content\" href=\"https:\/\/leanidea.pl\/en\/smed-quick-changeover-rapid-setup\/\">\r\n            <img loading=\"lazy\" decoding=\"async\" width=\"560\" height=\"690\" src=\"https:\/\/leanidea.pl\/wp-content\/uploads\/2025\/07\/2-560x690.png\" class=\"attachment-conult_medium size-conult_medium wp-post-image\" alt=\"SMED\" title=\"\">         <\/a> \r\n         <a class=\"bg-overlay\" href=\"https:\/\/leanidea.pl\/en\/smed-quick-changeover-rapid-setup\/\"><\/a>\r\n      <\/div>\r\n      <div class=\"case-content\">\r\n         <div class=\"content-inner\">\r\n            <div class=\"content-left\">\r\n               <div class=\"case-meta\"><a href=\"https:\/\/leanidea.pl\/en\/category-portfolio\/implementation\/\" title=\"View all posts in Implementation\">Implementation<\/a><\/div>\r\n               <h3 class=\"title\">\r\n                  <a href=\"https:\/\/leanidea.pl\/en\/smed-quick-changeover-rapid-setup\/\">SMED &#8211; Quick Changeover \u2013 Rapid Setup<\/a>\r\n               <\/h3>\r\n            <\/div>\r\n            <div class=\"content-right\">   \r\n               <a class=\"link-to-content\" href=\"https:\/\/leanidea.pl\/en\/smed-quick-changeover-rapid-setup\/\"><i class=\"las la-long-arrow-alt-right\"><\/i><\/a>\r\n            <\/div>   \r\n         <\/div>    \r\n      <\/div>  \r\n      <div class=\"bg-overlay\"><\/div>\r\n   <\/div>\r\n   \r\n<\/div>\r\n\r\n<div class=\"all implementation  item-columns isotope-item\">\r\n   <div class=\"portfolio-block portfolio-v2\">      \r\n      <div class=\"images\">\r\n         <a class=\"link-image-content\" href=\"https:\/\/leanidea.pl\/en\/case\/business-development-strategy\/\">\r\n            <img loading=\"lazy\" decoding=\"async\" width=\"560\" height=\"690\" src=\"https:\/\/leanidea.pl\/wp-content\/uploads\/2024\/06\/4-560x690.png\" class=\"attachment-conult_medium size-conult_medium wp-post-image\" alt=\"Strategia\" title=\"\">         <\/a> \r\n         <a class=\"bg-overlay\" href=\"https:\/\/leanidea.pl\/en\/case\/business-development-strategy\/\"><\/a>\r\n      <\/div>\r\n      <div class=\"case-content\">\r\n         <div class=\"content-inner\">\r\n            <div class=\"content-left\">\r\n               <div class=\"case-meta\"><a href=\"https:\/\/leanidea.pl\/en\/category-portfolio\/implementation\/\" title=\"View all posts in Implementation\">Implementation<\/a><\/div>\r\n               <h3 class=\"title\">\r\n                  <a href=\"https:\/\/leanidea.pl\/en\/case\/business-development-strategy\/\">Business Development Strategy<\/a>\r\n               <\/h3>\r\n            <\/div>\r\n            <div class=\"content-right\">   \r\n               <a class=\"link-to-content\" href=\"https:\/\/leanidea.pl\/en\/case\/business-development-strategy\/\"><i class=\"las la-long-arrow-alt-right\"><\/i><\/a>\r\n            <\/div>   \r\n         <\/div>    \r\n      <\/div>  \r\n      <div class=\"bg-overlay\"><\/div>\r\n   <\/div>\r\n   \r\n<\/div>\r\n\r\n<div class=\"all audit  item-columns isotope-item\">\r\n   <div class=\"portfolio-block portfolio-v2\">      \r\n      <div class=\"images\">\r\n         <a class=\"link-image-content\" href=\"https:\/\/leanidea.pl\/en\/case-study\/analysis-of-the-companys-potential\/\">\r\n            <img loading=\"lazy\" decoding=\"async\" width=\"560\" height=\"690\" src=\"https:\/\/leanidea.pl\/wp-content\/uploads\/2023\/03\/zajawka-pionowe-560x690.jpg\" class=\"attachment-conult_medium size-conult_medium wp-post-image\" alt=\"\" title=\"\">         <\/a> \r\n         <a class=\"bg-overlay\" href=\"https:\/\/leanidea.pl\/en\/case-study\/analysis-of-the-companys-potential\/\"><\/a>\r\n      <\/div>\r\n      <div class=\"case-content\">\r\n         <div class=\"content-inner\">\r\n            <div class=\"content-left\">\r\n               <div class=\"case-meta\"><a href=\"https:\/\/leanidea.pl\/en\/category-portfolio\/audit\/\" title=\"View all posts in Audit\">Audit<\/a><\/div>\r\n               <h3 class=\"title\">\r\n                  <a href=\"https:\/\/leanidea.pl\/en\/case-study\/analysis-of-the-companys-potential\/\">Analysis of the company&#8217;s potential<\/a>\r\n               <\/h3>\r\n            <\/div>\r\n            <div class=\"content-right\">   \r\n               <a class=\"link-to-content\" href=\"https:\/\/leanidea.pl\/en\/case-study\/analysis-of-the-companys-potential\/\"><i class=\"las la-long-arrow-alt-right\"><\/i><\/a>\r\n            <\/div>   \r\n         <\/div>    \r\n      <\/div>  \r\n      <div class=\"bg-overlay\"><\/div>\r\n   <\/div>\r\n   \r\n<\/div>\r\n      <\/div>\r\n    <\/div>\r\n      <\/div>\r\n  <\/div>\t\t\t\t<\/div>\n\t\t\t\t<\/div>\n\t\t\t\t\t<\/div>\n\t\t<\/div>\n\t\t\t\t\t<\/div>\n\t\t<\/section>\n\t\t\t\t<\/div>\n\t\t","protected":false},"excerpt":{"rendered":"<p>Case study We implement solutions that are practical All Audit Implementation Implementation Increasing Production Line Efficiency Implementation SMED &#8211; Quick Changeover \u2013 Rapid Setup Implementation Enterprise Development Strategy Implementation Business Development Strategy Audit Analysis of the company&#8217;s potential Implementation Lead Time Reduction \u2013 SMED<\/p>\n","protected":false},"author":1,"featured_media":0,"parent":0,"menu_order":0,"comment_status":"closed","ping_status":"closed","template":"","meta":{"footnotes":""},"class_list":["post-8051","page","type-page","status-publish","hentry"],"_links":{"self":[{"href":"https:\/\/leanidea.pl\/en\/wp-json\/wp\/v2\/pages\/8051","targetHints":{"allow":["GET"]}}],"collection":[{"href":"https:\/\/leanidea.pl\/en\/wp-json\/wp\/v2\/pages"}],"about":[{"href":"https:\/\/leanidea.pl\/en\/wp-json\/wp\/v2\/types\/page"}],"author":[{"embeddable":true,"href":"https:\/\/leanidea.pl\/en\/wp-json\/wp\/v2\/users\/1"}],"replies":[{"embeddable":true,"href":"https:\/\/leanidea.pl\/en\/wp-json\/wp\/v2\/comments?post=8051"}],"version-history":[{"count":8,"href":"https:\/\/leanidea.pl\/en\/wp-json\/wp\/v2\/pages\/8051\/revisions"}],"predecessor-version":[{"id":12908,"href":"https:\/\/leanidea.pl\/en\/wp-json\/wp\/v2\/pages\/8051\/revisions\/12908"}],"wp:attachment":[{"href":"https:\/\/leanidea.pl\/en\/wp-json\/wp\/v2\/media?parent=8051"}],"curies":[{"name":"wp","href":"https:\/\/api.w.org\/{rel}","templated":true}]}}