{"id":9548,"date":"2021-03-18T08:30:46","date_gmt":"2021-03-18T07:30:46","guid":{"rendered":"https:\/\/leanidea.pl\/produkt\/certyfikowane-szkolenie-lean-office\/"},"modified":"2023-11-13T11:31:40","modified_gmt":"2023-11-13T10:31:40","slug":"certified-training-lean-office","status":"publish","type":"product","link":"https:\/\/leanidea.pl\/en\/produkt\/certified-training-lean-office\/","title":{"rendered":"Certified training &#8211; Lean Office"},"content":{"rendered":"<div class=\"row\">\r\n<div class=\"col-xs-12 col-lg-6\">\r\n<div class=\"product-details-headline\">\r\n\r\n<img decoding=\"async\" class=\"wp-image-6710 alignleft\" src=\"https:\/\/leanidea.pl\/wp-content\/uploads\/2023\/03\/ikona-cel.svg\" alt=\"\" width=\"45\" height=\"45\" title=\"\">\r\n<h5>Training goal:<\/h5>\r\n<\/div>\r\nThe main goal of the training is to provide participants with tools and knowledge that will enable them to achieve better results in less time, improve office efficiency, and increase profits. The training aims to deliver practical and concrete solutions that participants can implement in their workplaces to enhance office operations and achieve success in business.\r\n\r\n<\/div>\r\n<div class=\"col-xs-12 col-lg-6 mt-5 mt-lg-0\">\r\n<div class=\"product-details-headline\">\r\n\r\n<img decoding=\"async\" class=\"wp-image-6730 alignleft\" src=\"https:\/\/leanidea.pl\/wp-content\/uploads\/2023\/04\/2-5.svg\" alt=\"\" width=\"45\" height=\"45\" title=\"\">\r\n<h5>During in the meeting, you will:<\/h5>\r\n<\/div>\r\n<ul>\r\n \t<li>receive a substantial amount of practical knowledge that can be immediately applied to your actions<\/li>\r\n \t<li>compare your ideas with examples of real solutions<\/li>\r\n \t<li>exchange experiences and receive effective advice<\/li>\r\n<\/ul>\r\n<\/div>\r\n<\/div>\r\n<div class=\"row\">\r\n<div class=\"col-xs-12\">\r\n<div class=\"product-details\">\r\n<div>\r\n\r\n<img decoding=\"async\" class=\"wp-image-6730\" src=\"https:\/\/leanidea.pl\/wp-content\/uploads\/2023\/04\/1-6.svg\" alt=\"\" width=\"60\" height=\"60\" title=\"\">\r\n<h5>Duration<\/h5>\r\n9 am &#8211; 3 pm\r\n\r\n<\/div>\r\n<div>\r\n\r\n<img loading=\"lazy\" decoding=\"async\" class=\"wp-image-6730\" src=\"https:\/\/leanidea.pl\/wp-content\/uploads\/2023\/04\/1-2.svg\" alt=\"\" width=\"60\" height=\"60\" title=\"\">\r\n<h5>Location<\/h5>\r\nGdansk Science and Technology Park\r\n\r\n<\/div>\r\n<div>\r\n\r\n<img loading=\"lazy\" decoding=\"async\" class=\"wp-image-6730\" src=\"https:\/\/leanidea.pl\/wp-content\/uploads\/2023\/04\/5.svg\" alt=\"\" width=\"60\" height=\"60\" title=\"\">\r\n<h5>Reservation requirement:<\/h5>\r\nlimited number of seats available\r\n\r\n<\/div>\r\n<div>\r\n\r\n<img loading=\"lazy\" decoding=\"async\" class=\"wp-image-6730\" src=\"https:\/\/leanidea.pl\/wp-content\/uploads\/2023\/03\/proces-sprzedazy.svg\" alt=\"\" width=\"60\" height=\"60\" title=\"\">\r\n<h5>The price of the training<\/h5>\r\nincludes materials for participants and breaks\r\n\r\n<\/div>\r\n<\/div>\r\n<\/div>\r\n<\/div>\r\n<div class=\"row mt-5\">\r\n<div class=\"col-xs-12\">\r\n<p style=\"text-align: center; max-width: 600px; margin: 0 auto;\">Thanks to this training, participants will be able to increase the efficiency of their actions and achieve better work results.<\/p>\r\n\r\n<\/div>\r\n<\/div>\r\n<div id=\"gtx-trans\" style=\"position: absolute; left: 390px; top: 929.844px;\">\r\n<div class=\"gtx-trans-icon\"><\/div>\r\n<\/div>","protected":false},"excerpt":{"rendered":"<p>Szkolenie Lean Office to intensywny jednodniowy warsztat skierowany do ludzi z r\u00f3\u017cnych bran\u017c. Sk\u0142ada si\u0119 z teoretycznego wyk\u0142adu oraz praktycznych \u0107wicze\u0144, kt\u00f3re pomagaj\u0105 zrozumie\u0107 metodyk\u0119 Lean Office w praktyce. Szkolenie jest zako\u0144czone otrzymaniem certyfikatu potwierdzaj\u0105cego zdobyt\u0105 wiedz\u0119 i umiej\u0119tno\u015bci.<\/p>\n","protected":false},"featured_media":10062,"template":"","meta":{"footnotes":""},"product_brand":[],"product_cat":[103,105],"product_tag":[],"class_list":{"0":"post-9548","1":"product","2":"type-product","3":"status-publish","4":"has-post-thumbnail","6":"product_cat-stacjonarnie-en","7":"product_cat-szkolenia-en","9":"first","10":"instock","11":"taxable","12":"shipping-taxable","13":"purchasable","14":"product-type-variable"},"_links":{"self":[{"href":"https:\/\/leanidea.pl\/en\/wp-json\/wp\/v2\/product\/9548","targetHints":{"allow":["GET"]}}],"collection":[{"href":"https:\/\/leanidea.pl\/en\/wp-json\/wp\/v2\/product"}],"about":[{"href":"https:\/\/leanidea.pl\/en\/wp-json\/wp\/v2\/types\/product"}],"version-history":[{"count":2,"href":"https:\/\/leanidea.pl\/en\/wp-json\/wp\/v2\/product\/9548\/revisions"}],"predecessor-version":[{"id":9562,"href":"https:\/\/leanidea.pl\/en\/wp-json\/wp\/v2\/product\/9548\/revisions\/9562"}],"wp:featuredmedia":[{"embeddable":true,"href":"https:\/\/leanidea.pl\/en\/wp-json\/wp\/v2\/media\/10062"}],"wp:attachment":[{"href":"https:\/\/leanidea.pl\/en\/wp-json\/wp\/v2\/media?parent=9548"}],"wp:term":[{"taxonomy":"product_brand","embeddable":true,"href":"https:\/\/leanidea.pl\/en\/wp-json\/wp\/v2\/product_brand?post=9548"},{"taxonomy":"product_cat","embeddable":true,"href":"https:\/\/leanidea.pl\/en\/wp-json\/wp\/v2\/product_cat?post=9548"},{"taxonomy":"product_tag","embeddable":true,"href":"https:\/\/leanidea.pl\/en\/wp-json\/wp\/v2\/product_tag?post=9548"}],"curies":[{"name":"wp","href":"https:\/\/api.w.org\/{rel}","templated":true}]}}